{"id":9914,"date":"2025-02-05T09:48:36","date_gmt":"2025-02-05T08:48:36","guid":{"rendered":"https:\/\/www.sams-industrie.fr\/product\/secteur-mobile-reference\/"},"modified":"2025-09-11T14:45:27","modified_gmt":"2025-09-11T12:45:27","slug":"secteur-mobile-reference","status":"publish","type":"product","link":"https:\/\/www.sams-industrie.fr\/en\/product\/secteur-mobile-reference\/","title":{"rendered":"Mobile sector<br> Reference 400-600-141"},"content":{"rendered":"","protected":false},"excerpt":{"rendered":"<p>RAPIDEX RAPIDPRINT<br \/>\nR\u00e9f\u00e9rence constructeur : 400-600-141<br \/>\nR\u00e9f\u00e9rences \u00e9quivalentes : 400600141 \/ M400600141 \/ RAP400600141<\/p>","protected":false},"featured_media":11494,"comment_status":"open","ping_status":"closed","template":"","meta":[],"_links":{"self":[{"href":"https:\/\/www.sams-industrie.fr\/en\/wp-json\/wp\/v2\/product\/9914"}],"collection":[{"href":"https:\/\/www.sams-industrie.fr\/en\/wp-json\/wp\/v2\/product"}],"about":[{"href":"https:\/\/www.sams-industrie.fr\/en\/wp-json\/wp\/v2\/types\/product"}],"replies":[{"embeddable":true,"href":"https:\/\/www.sams-industrie.fr\/en\/wp-json\/wp\/v2\/comments?post=9914"}],"wp:featuredmedia":[{"embeddable":true,"href":"https:\/\/www.sams-industrie.fr\/en\/wp-json\/wp\/v2\/media\/11494"}],"wp:attachment":[{"href":"https:\/\/www.sams-industrie.fr\/en\/wp-json\/wp\/v2\/media?parent=9914"}],"curies":[{"name":"wp","href":"https:\/\/api.w.org\/{rel}","templated":true}]}}