{"id":9912,"date":"2025-02-05T09:48:34","date_gmt":"2025-02-05T08:48:34","guid":{"rendered":"https:\/\/www.sams-industrie.fr\/product\/regle-de-marge-reference\/"},"modified":"2025-02-19T11:51:24","modified_gmt":"2025-02-19T10:51:24","slug":"regle-de-marge-reference","status":"publish","type":"product","link":"https:\/\/www.sams-industrie.fr\/en\/product\/regle-de-marge-reference\/","title":{"rendered":"Margin rule<br> Reference BAF-2308-004"},"content":{"rendered":"","protected":false},"excerpt":{"rendered":"<p>RAPIDEX RAPIDPRINT<br \/> R\u00e9f\u00e9rence constructeur : BAF-2308-004<br \/> R\u00e9f\u00e9rences \u00e9quivalentes : BAF2308004 \/ MBAF2308004 \/ RAPBAF2308004<\/p>","protected":false},"featured_media":0,"comment_status":"open","ping_status":"closed","template":"","meta":[],"_links":{"self":[{"href":"https:\/\/www.sams-industrie.fr\/en\/wp-json\/wp\/v2\/product\/9912"}],"collection":[{"href":"https:\/\/www.sams-industrie.fr\/en\/wp-json\/wp\/v2\/product"}],"about":[{"href":"https:\/\/www.sams-industrie.fr\/en\/wp-json\/wp\/v2\/types\/product"}],"replies":[{"embeddable":true,"href":"https:\/\/www.sams-industrie.fr\/en\/wp-json\/wp\/v2\/comments?post=9912"}],"wp:attachment":[{"href":"https:\/\/www.sams-industrie.fr\/en\/wp-json\/wp\/v2\/media?parent=9912"}],"curies":[{"name":"wp","href":"https:\/\/api.w.org\/{rel}","templated":true}]}}