{"id":9910,"date":"2025-02-05T09:48:33","date_gmt":"2025-02-05T08:48:33","guid":{"rendered":"https:\/\/www.sams-industrie.fr\/product\/hauban-de-regle-de-marge-reference\/"},"modified":"2025-02-19T11:51:20","modified_gmt":"2025-02-19T10:51:20","slug":"hauban-de-regle-de-marge-reference","status":"publish","type":"product","link":"https:\/\/www.sams-industrie.fr\/en\/product\/hauban-de-regle-de-marge-reference\/","title":{"rendered":"Margin rule stay<br> Reference BAF-2308-007"},"content":{"rendered":"","protected":false},"excerpt":{"rendered":"<p>RAPIDEX RAPIDPRINT<br \/> R\u00e9f\u00e9rence constructeur : BAF-2308-007<br \/> R\u00e9f\u00e9rences \u00e9quivalentes : BAF2308007 \/ MBAF2308007 \/ RAPBAF2308007<\/p>","protected":false},"featured_media":0,"comment_status":"open","ping_status":"closed","template":"","meta":[],"_links":{"self":[{"href":"https:\/\/www.sams-industrie.fr\/en\/wp-json\/wp\/v2\/product\/9910"}],"collection":[{"href":"https:\/\/www.sams-industrie.fr\/en\/wp-json\/wp\/v2\/product"}],"about":[{"href":"https:\/\/www.sams-industrie.fr\/en\/wp-json\/wp\/v2\/types\/product"}],"replies":[{"embeddable":true,"href":"https:\/\/www.sams-industrie.fr\/en\/wp-json\/wp\/v2\/comments?post=9910"}],"wp:attachment":[{"href":"https:\/\/www.sams-industrie.fr\/en\/wp-json\/wp\/v2\/media?parent=9910"}],"curies":[{"name":"wp","href":"https:\/\/api.w.org\/{rel}","templated":true}]}}