{"id":9909,"date":"2025-02-05T09:48:31","date_gmt":"2025-02-05T08:48:31","guid":{"rendered":"https:\/\/www.sams-industrie.fr\/product\/cylindre-polyurethane-reference\/"},"modified":"2025-02-19T11:51:20","modified_gmt":"2025-02-19T10:51:20","slug":"cylindre-polyurethane-reference","status":"publish","type":"product","link":"https:\/\/www.sams-industrie.fr\/en\/product\/cylindre-polyurethane-reference\/","title":{"rendered":"Polyurethane cylinder<br> Reference BAF-0109-102"},"content":{"rendered":"","protected":false},"excerpt":{"rendered":"<p>RAPIDEX RAPIDPRINT<br \/> R\u00e9f\u00e9rence constructeur : BAF-0109-102<br \/> R\u00e9f\u00e9rences \u00e9quivalentes : BAF0109102 \/ MBAF0109102 \/ RAPBAF0109102<\/p>","protected":false},"featured_media":0,"comment_status":"open","ping_status":"closed","template":"","meta":[],"_links":{"self":[{"href":"https:\/\/www.sams-industrie.fr\/en\/wp-json\/wp\/v2\/product\/9909"}],"collection":[{"href":"https:\/\/www.sams-industrie.fr\/en\/wp-json\/wp\/v2\/product"}],"about":[{"href":"https:\/\/www.sams-industrie.fr\/en\/wp-json\/wp\/v2\/types\/product"}],"replies":[{"embeddable":true,"href":"https:\/\/www.sams-industrie.fr\/en\/wp-json\/wp\/v2\/comments?post=9909"}],"wp:attachment":[{"href":"https:\/\/www.sams-industrie.fr\/en\/wp-json\/wp\/v2\/media?parent=9909"}],"curies":[{"name":"wp","href":"https:\/\/api.w.org\/{rel}","templated":true}]}}