{"id":9908,"date":"2025-02-05T09:48:30","date_gmt":"2025-02-05T08:48:30","guid":{"rendered":"https:\/\/www.sams-industrie.fr\/product\/cylindre-caoutchoute-reference-2\/"},"modified":"2025-02-19T11:51:19","modified_gmt":"2025-02-19T10:51:19","slug":"cylindre-caoutchoute-reference-2","status":"publish","type":"product","link":"https:\/\/www.sams-industrie.fr\/en\/product\/cylindre-caoutchoute-reference-2\/","title":{"rendered":"Rubberized cylinder<br> Reference BAF60109-102"},"content":{"rendered":"","protected":false},"excerpt":{"rendered":"<p>RAPIDEX RAPIDPRINT<br \/> R\u00e9f\u00e9rence constructeur : BAF60109-102<br \/> R\u00e9f\u00e9rences \u00e9quivalentes : BAF0109102 \/ MBAF0109102 \/ RAPBAF0109102<\/p>","protected":false},"featured_media":0,"comment_status":"open","ping_status":"closed","template":"","meta":[],"_links":{"self":[{"href":"https:\/\/www.sams-industrie.fr\/en\/wp-json\/wp\/v2\/product\/9908"}],"collection":[{"href":"https:\/\/www.sams-industrie.fr\/en\/wp-json\/wp\/v2\/product"}],"about":[{"href":"https:\/\/www.sams-industrie.fr\/en\/wp-json\/wp\/v2\/types\/product"}],"replies":[{"embeddable":true,"href":"https:\/\/www.sams-industrie.fr\/en\/wp-json\/wp\/v2\/comments?post=9908"}],"wp:attachment":[{"href":"https:\/\/www.sams-industrie.fr\/en\/wp-json\/wp\/v2\/media?parent=9908"}],"curies":[{"name":"wp","href":"https:\/\/api.w.org\/{rel}","templated":true}]}}