{"id":9906,"date":"2025-02-05T09:48:29","date_gmt":"2025-02-05T08:48:29","guid":{"rendered":"https:\/\/www.sams-industrie.fr\/product\/caisson-darmoire-complet-reference\/"},"modified":"2025-02-19T11:51:18","modified_gmt":"2025-02-19T10:51:18","slug":"caisson-darmoire-complet-reference","status":"publish","type":"product","link":"https:\/\/www.sams-industrie.fr\/en\/product\/caisson-darmoire-complet-reference\/","title":{"rendered":"Complete wardrobe box<br> Reference BAF-010-005"},"content":{"rendered":"","protected":false},"excerpt":{"rendered":"<p>RAPIDEX RAPIDPRINT<br \/> R\u00e9f\u00e9rence constructeur : BAF-010-005<br \/> R\u00e9f\u00e9rences \u00e9quivalentes : BAF010005 \/ MBAF010005 \/ RAPBAF010005<\/p>","protected":false},"featured_media":0,"comment_status":"open","ping_status":"closed","template":"","meta":[],"_links":{"self":[{"href":"https:\/\/www.sams-industrie.fr\/en\/wp-json\/wp\/v2\/product\/9906"}],"collection":[{"href":"https:\/\/www.sams-industrie.fr\/en\/wp-json\/wp\/v2\/product"}],"about":[{"href":"https:\/\/www.sams-industrie.fr\/en\/wp-json\/wp\/v2\/types\/product"}],"replies":[{"embeddable":true,"href":"https:\/\/www.sams-industrie.fr\/en\/wp-json\/wp\/v2\/comments?post=9906"}],"wp:attachment":[{"href":"https:\/\/www.sams-industrie.fr\/en\/wp-json\/wp\/v2\/media?parent=9906"}],"curies":[{"name":"wp","href":"https:\/\/api.w.org\/{rel}","templated":true}]}}