{"id":9905,"date":"2025-02-05T09:48:29","date_gmt":"2025-02-05T08:48:29","guid":{"rendered":"https:\/\/www.sams-industrie.fr\/product\/poulie-reference\/"},"modified":"2025-02-19T11:51:17","modified_gmt":"2025-02-19T10:51:17","slug":"poulie-reference","status":"publish","type":"product","link":"https:\/\/www.sams-industrie.fr\/en\/product\/poulie-reference\/","title":{"rendered":"Pulley<br> Reference BAF-0114-005"},"content":{"rendered":"","protected":false},"excerpt":{"rendered":"<p>RAPIDEX RAPIDPRINT<br \/> R\u00e9f\u00e9rence constructeur : BAF-0114-005<br \/> R\u00e9f\u00e9rences \u00e9quivalentes : BAF0114005 \/ MBAF0114005 \/ RAPBAF0114005<\/p>","protected":false},"featured_media":0,"comment_status":"open","ping_status":"closed","template":"","meta":[],"_links":{"self":[{"href":"https:\/\/www.sams-industrie.fr\/en\/wp-json\/wp\/v2\/product\/9905"}],"collection":[{"href":"https:\/\/www.sams-industrie.fr\/en\/wp-json\/wp\/v2\/product"}],"about":[{"href":"https:\/\/www.sams-industrie.fr\/en\/wp-json\/wp\/v2\/types\/product"}],"replies":[{"embeddable":true,"href":"https:\/\/www.sams-industrie.fr\/en\/wp-json\/wp\/v2\/comments?post=9905"}],"wp:attachment":[{"href":"https:\/\/www.sams-industrie.fr\/en\/wp-json\/wp\/v2\/media?parent=9905"}],"curies":[{"name":"wp","href":"https:\/\/api.w.org\/{rel}","templated":true}]}}