{"id":9904,"date":"2025-02-05T09:48:28","date_gmt":"2025-02-05T08:48:28","guid":{"rendered":"https:\/\/www.sams-industrie.fr\/product\/recuperateur-droit-reference\/"},"modified":"2025-09-11T14:44:34","modified_gmt":"2025-09-11T12:44:34","slug":"recuperateur-droit-reference","status":"publish","type":"product","link":"https:\/\/www.sams-industrie.fr\/en\/product\/recuperateur-droit-reference\/","title":{"rendered":"Right recuperator<br> Reference BAF-0109-016"},"content":{"rendered":"","protected":false},"excerpt":{"rendered":"<p>RAPIDEX RAPIDPRINT<br \/>\nR\u00e9f\u00e9rence constructeur : BAF-0109-016<br \/>\nR\u00e9f\u00e9rences \u00e9quivalentes : BAF0109016 \/ MBAF0109016 \/ RAPBAF0109016<\/p>","protected":false},"featured_media":11493,"comment_status":"open","ping_status":"closed","template":"","meta":[],"_links":{"self":[{"href":"https:\/\/www.sams-industrie.fr\/en\/wp-json\/wp\/v2\/product\/9904"}],"collection":[{"href":"https:\/\/www.sams-industrie.fr\/en\/wp-json\/wp\/v2\/product"}],"about":[{"href":"https:\/\/www.sams-industrie.fr\/en\/wp-json\/wp\/v2\/types\/product"}],"replies":[{"embeddable":true,"href":"https:\/\/www.sams-industrie.fr\/en\/wp-json\/wp\/v2\/comments?post=9904"}],"wp:featuredmedia":[{"embeddable":true,"href":"https:\/\/www.sams-industrie.fr\/en\/wp-json\/wp\/v2\/media\/11493"}],"wp:attachment":[{"href":"https:\/\/www.sams-industrie.fr\/en\/wp-json\/wp\/v2\/media?parent=9904"}],"curies":[{"name":"wp","href":"https:\/\/api.w.org\/{rel}","templated":true}]}}