{"id":9903,"date":"2025-02-05T09:48:27","date_gmt":"2025-02-05T08:48:27","guid":{"rendered":"https:\/\/www.sams-industrie.fr\/product\/recuperateur-gauche-reference\/"},"modified":"2025-09-11T14:43:37","modified_gmt":"2025-09-11T12:43:37","slug":"recuperateur-gauche-reference","status":"publish","type":"product","link":"https:\/\/www.sams-industrie.fr\/en\/product\/recuperateur-gauche-reference\/","title":{"rendered":"Left recuperator<br> Reference BAF-0109-015"},"content":{"rendered":"","protected":false},"excerpt":{"rendered":"<p>RAPIDEX RAPIDPRINT<br \/>\nR\u00e9f\u00e9rence constructeur : BAF-0109-015<br \/>\nR\u00e9f\u00e9rences \u00e9quivalentes : BAF0109015 \/ MBAF0109015 \/ RAPBAF0109015<\/p>","protected":false},"featured_media":11492,"comment_status":"open","ping_status":"closed","template":"","meta":[],"_links":{"self":[{"href":"https:\/\/www.sams-industrie.fr\/en\/wp-json\/wp\/v2\/product\/9903"}],"collection":[{"href":"https:\/\/www.sams-industrie.fr\/en\/wp-json\/wp\/v2\/product"}],"about":[{"href":"https:\/\/www.sams-industrie.fr\/en\/wp-json\/wp\/v2\/types\/product"}],"replies":[{"embeddable":true,"href":"https:\/\/www.sams-industrie.fr\/en\/wp-json\/wp\/v2\/comments?post=9903"}],"wp:featuredmedia":[{"embeddable":true,"href":"https:\/\/www.sams-industrie.fr\/en\/wp-json\/wp\/v2\/media\/11492"}],"wp:attachment":[{"href":"https:\/\/www.sams-industrie.fr\/en\/wp-json\/wp\/v2\/media?parent=9903"}],"curies":[{"name":"wp","href":"https:\/\/api.w.org\/{rel}","templated":true}]}}