{"id":9902,"date":"2025-02-05T09:48:27","date_gmt":"2025-02-05T08:48:27","guid":{"rendered":"https:\/\/www.sams-industrie.fr\/product\/palier-de-reglage-trame-caoutchoute-reference\/"},"modified":"2025-02-19T11:51:15","modified_gmt":"2025-02-19T10:51:15","slug":"palier-de-reglage-trame-caoutchoute-reference","status":"publish","type":"product","link":"https:\/\/www.sams-industrie.fr\/en\/product\/palier-de-reglage-trame-caoutchoute-reference\/","title":{"rendered":"Rubberized adjustment bearing<br> Reference BAF-0109-006"},"content":{"rendered":"","protected":false},"excerpt":{"rendered":"<p>RAPIDEX RAPIDPRINT<br \/> R\u00e9f\u00e9rence constructeur : BAF-0109-006<br \/> R\u00e9f\u00e9rences \u00e9quivalentes : BAF0109006 \/ MBAF0109006 \/ RAPBAF0109006<\/p>","protected":false},"featured_media":0,"comment_status":"open","ping_status":"closed","template":"","meta":[],"_links":{"self":[{"href":"https:\/\/www.sams-industrie.fr\/en\/wp-json\/wp\/v2\/product\/9902"}],"collection":[{"href":"https:\/\/www.sams-industrie.fr\/en\/wp-json\/wp\/v2\/product"}],"about":[{"href":"https:\/\/www.sams-industrie.fr\/en\/wp-json\/wp\/v2\/types\/product"}],"replies":[{"embeddable":true,"href":"https:\/\/www.sams-industrie.fr\/en\/wp-json\/wp\/v2\/comments?post=9902"}],"wp:attachment":[{"href":"https:\/\/www.sams-industrie.fr\/en\/wp-json\/wp\/v2\/media?parent=9902"}],"curies":[{"name":"wp","href":"https:\/\/api.w.org\/{rel}","templated":true}]}}