{"id":9901,"date":"2025-02-05T09:48:26","date_gmt":"2025-02-05T08:48:26","guid":{"rendered":"https:\/\/www.sams-industrie.fr\/product\/entraineur-anodise-reference-3\/"},"modified":"2025-10-14T14:12:46","modified_gmt":"2025-10-14T12:12:46","slug":"entraineur-anodise-reference-3","status":"publish","type":"product","link":"https:\/\/www.sams-industrie.fr\/en\/product\/entraineur-anodise-reference-3\/","title":{"rendered":"Anodized trainer<br> Reference BAF-0104-009"},"content":{"rendered":"","protected":false},"excerpt":{"rendered":"<p>RAPIDEX RAPIDPRINT<br \/>\nR\u00e9f\u00e9rence constructeur : BAF-0104-009<br \/>\nR\u00e9f\u00e9rences \u00e9quivalentes : BAF0104009 \/ MBAF0104009 \/ RAPBAF0104009<\/p>","protected":false},"featured_media":11567,"comment_status":"open","ping_status":"closed","template":"","meta":[],"_links":{"self":[{"href":"https:\/\/www.sams-industrie.fr\/en\/wp-json\/wp\/v2\/product\/9901"}],"collection":[{"href":"https:\/\/www.sams-industrie.fr\/en\/wp-json\/wp\/v2\/product"}],"about":[{"href":"https:\/\/www.sams-industrie.fr\/en\/wp-json\/wp\/v2\/types\/product"}],"replies":[{"embeddable":true,"href":"https:\/\/www.sams-industrie.fr\/en\/wp-json\/wp\/v2\/comments?post=9901"}],"wp:featuredmedia":[{"embeddable":true,"href":"https:\/\/www.sams-industrie.fr\/en\/wp-json\/wp\/v2\/media\/11567"}],"wp:attachment":[{"href":"https:\/\/www.sams-industrie.fr\/en\/wp-json\/wp\/v2\/media?parent=9901"}],"curies":[{"name":"wp","href":"https:\/\/api.w.org\/{rel}","templated":true}]}}