{"id":9899,"date":"2025-02-05T09:48:25","date_gmt":"2025-02-05T08:48:25","guid":{"rendered":"https:\/\/www.sams-industrie.fr\/product\/lame-gauche-reference\/"},"modified":"2025-09-11T14:42:53","modified_gmt":"2025-09-11T12:42:53","slug":"lame-gauche-reference","status":"publish","type":"product","link":"https:\/\/www.sams-industrie.fr\/en\/product\/lame-gauche-reference\/","title":{"rendered":"Left blade<br> Reference 4F 662"},"content":{"rendered":"","protected":false},"excerpt":{"rendered":"<p>RAPIDEX MAXIBOX<br \/>\nR\u00e9f\u00e9rence constructeur : 4F 662<br \/>\nR\u00e9f\u00e9rences \u00e9quivalentes : 4F662 \/ M4F662 \/ RAP4F662<\/p>","protected":false},"featured_media":11491,"comment_status":"open","ping_status":"closed","template":"","meta":[],"_links":{"self":[{"href":"https:\/\/www.sams-industrie.fr\/en\/wp-json\/wp\/v2\/product\/9899"}],"collection":[{"href":"https:\/\/www.sams-industrie.fr\/en\/wp-json\/wp\/v2\/product"}],"about":[{"href":"https:\/\/www.sams-industrie.fr\/en\/wp-json\/wp\/v2\/types\/product"}],"replies":[{"embeddable":true,"href":"https:\/\/www.sams-industrie.fr\/en\/wp-json\/wp\/v2\/comments?post=9899"}],"wp:featuredmedia":[{"embeddable":true,"href":"https:\/\/www.sams-industrie.fr\/en\/wp-json\/wp\/v2\/media\/11491"}],"wp:attachment":[{"href":"https:\/\/www.sams-industrie.fr\/en\/wp-json\/wp\/v2\/media?parent=9899"}],"curies":[{"name":"wp","href":"https:\/\/api.w.org\/{rel}","templated":true}]}}