{"id":9898,"date":"2025-02-05T09:48:24","date_gmt":"2025-02-05T08:48:24","guid":{"rendered":"https:\/\/www.sams-industrie.fr\/product\/lame-droite-reference\/"},"modified":"2025-07-03T15:33:58","modified_gmt":"2025-07-03T13:33:58","slug":"lame-droite-reference","status":"publish","type":"product","link":"https:\/\/www.sams-industrie.fr\/en\/product\/lame-droite-reference\/","title":{"rendered":"Straight blade<br> Reference 4F 661"},"content":{"rendered":"","protected":false},"excerpt":{"rendered":"<p>RAPIDEX MAXIBOX<br \/>\nR\u00e9f\u00e9rence constructeur : 4F 661<br \/>\nR\u00e9f\u00e9rences \u00e9quivalentes : 4F661 \/ M4F661 \/ RAP4F661<\/p>","protected":false},"featured_media":11424,"comment_status":"open","ping_status":"closed","template":"","meta":[],"_links":{"self":[{"href":"https:\/\/www.sams-industrie.fr\/en\/wp-json\/wp\/v2\/product\/9898"}],"collection":[{"href":"https:\/\/www.sams-industrie.fr\/en\/wp-json\/wp\/v2\/product"}],"about":[{"href":"https:\/\/www.sams-industrie.fr\/en\/wp-json\/wp\/v2\/types\/product"}],"replies":[{"embeddable":true,"href":"https:\/\/www.sams-industrie.fr\/en\/wp-json\/wp\/v2\/comments?post=9898"}],"wp:featuredmedia":[{"embeddable":true,"href":"https:\/\/www.sams-industrie.fr\/en\/wp-json\/wp\/v2\/media\/11424"}],"wp:attachment":[{"href":"https:\/\/www.sams-industrie.fr\/en\/wp-json\/wp\/v2\/media?parent=9898"}],"curies":[{"name":"wp","href":"https:\/\/api.w.org\/{rel}","templated":true}]}}