{"id":9897,"date":"2025-02-05T09:48:24","date_gmt":"2025-02-05T08:48:24","guid":{"rendered":"https:\/\/www.sams-industrie.fr\/product\/contre-lame-encocheuse-reference-2\/"},"modified":"2025-02-19T11:51:11","modified_gmt":"2025-02-19T10:51:11","slug":"contre-lame-encocheuse-reference-2","status":"publish","type":"product","link":"https:\/\/www.sams-industrie.fr\/en\/product\/contre-lame-encocheuse-reference-2\/","title":{"rendered":"Notching counterblade<br> 3D Reference 248"},"content":{"rendered":"","protected":false},"excerpt":{"rendered":"<p>RAPIDEX MAXIBOX<br \/> R\u00e9f\u00e9rence constructeur : 3D 248<br \/> R\u00e9f\u00e9rences \u00e9quivalentes : 3D248 \/ M3D248 \/ RAP3D248<\/p>","protected":false},"featured_media":0,"comment_status":"open","ping_status":"closed","template":"","meta":[],"_links":{"self":[{"href":"https:\/\/www.sams-industrie.fr\/en\/wp-json\/wp\/v2\/product\/9897"}],"collection":[{"href":"https:\/\/www.sams-industrie.fr\/en\/wp-json\/wp\/v2\/product"}],"about":[{"href":"https:\/\/www.sams-industrie.fr\/en\/wp-json\/wp\/v2\/types\/product"}],"replies":[{"embeddable":true,"href":"https:\/\/www.sams-industrie.fr\/en\/wp-json\/wp\/v2\/comments?post=9897"}],"wp:attachment":[{"href":"https:\/\/www.sams-industrie.fr\/en\/wp-json\/wp\/v2\/media?parent=9897"}],"curies":[{"name":"wp","href":"https:\/\/api.w.org\/{rel}","templated":true}]}}