{"id":9895,"date":"2025-02-05T09:48:23","date_gmt":"2025-02-05T08:48:23","guid":{"rendered":"https:\/\/www.sams-industrie.fr\/product\/lame-encocheuse-reference-5\/"},"modified":"2025-02-19T11:51:05","modified_gmt":"2025-02-19T10:51:05","slug":"lame-encocheuse-reference-5","status":"publish","type":"product","link":"https:\/\/www.sams-industrie.fr\/en\/product\/lame-encocheuse-reference-5\/","title":{"rendered":"Notching blade<br> Reference BA-0305-105"},"content":{"rendered":"","protected":false},"excerpt":{"rendered":"<p>RAPIDEX MAXIBOX<br \/> R\u00e9f\u00e9rence constructeur : BA-0305-105<br \/> R\u00e9f\u00e9rences \u00e9quivalentes : BA0305105 \/ MBAM0305105 \/ RAPBARAP0305105<\/p>","protected":false},"featured_media":0,"comment_status":"open","ping_status":"closed","template":"","meta":[],"_links":{"self":[{"href":"https:\/\/www.sams-industrie.fr\/en\/wp-json\/wp\/v2\/product\/9895"}],"collection":[{"href":"https:\/\/www.sams-industrie.fr\/en\/wp-json\/wp\/v2\/product"}],"about":[{"href":"https:\/\/www.sams-industrie.fr\/en\/wp-json\/wp\/v2\/types\/product"}],"replies":[{"embeddable":true,"href":"https:\/\/www.sams-industrie.fr\/en\/wp-json\/wp\/v2\/comments?post=9895"}],"wp:attachment":[{"href":"https:\/\/www.sams-industrie.fr\/en\/wp-json\/wp\/v2\/media?parent=9895"}],"curies":[{"name":"wp","href":"https:\/\/api.w.org\/{rel}","templated":true}]}}