{"id":9893,"date":"2025-02-05T09:48:21","date_gmt":"2025-02-05T08:48:21","guid":{"rendered":"https:\/\/www.sams-industrie.fr\/product\/lame-encocheuse-reference-3\/"},"modified":"2025-02-19T11:51:03","modified_gmt":"2025-02-19T10:51:03","slug":"lame-encocheuse-reference-3","status":"publish","type":"product","link":"https:\/\/www.sams-industrie.fr\/en\/product\/lame-encocheuse-reference-3\/","title":{"rendered":"Notching blade<br> Reference BA-0305-103"},"content":{"rendered":"","protected":false},"excerpt":{"rendered":"<p>RAPIDEX MAXIBOX<br \/> R\u00e9f\u00e9rence constructeur : BA-0305-103<br \/> R\u00e9f\u00e9rences \u00e9quivalentes : BA0305103 \/ MBAM0305103 \/ RAPBARAP0305103<\/p>","protected":false},"featured_media":0,"comment_status":"open","ping_status":"closed","template":"","meta":[],"_links":{"self":[{"href":"https:\/\/www.sams-industrie.fr\/en\/wp-json\/wp\/v2\/product\/9893"}],"collection":[{"href":"https:\/\/www.sams-industrie.fr\/en\/wp-json\/wp\/v2\/product"}],"about":[{"href":"https:\/\/www.sams-industrie.fr\/en\/wp-json\/wp\/v2\/types\/product"}],"replies":[{"embeddable":true,"href":"https:\/\/www.sams-industrie.fr\/en\/wp-json\/wp\/v2\/comments?post=9893"}],"wp:attachment":[{"href":"https:\/\/www.sams-industrie.fr\/en\/wp-json\/wp\/v2\/media?parent=9893"}],"curies":[{"name":"wp","href":"https:\/\/api.w.org\/{rel}","templated":true}]}}