{"id":9891,"date":"2025-02-05T09:48:20","date_gmt":"2025-02-05T08:48:20","guid":{"rendered":"https:\/\/www.sams-industrie.fr\/product\/lame-encocheuse-reference\/"},"modified":"2025-02-19T11:51:01","modified_gmt":"2025-02-19T10:51:01","slug":"lame-encocheuse-reference","status":"publish","type":"product","link":"https:\/\/www.sams-industrie.fr\/en\/product\/lame-encocheuse-reference\/","title":{"rendered":"Notching blade<br> Reference BA-0305-101"},"content":{"rendered":"","protected":false},"excerpt":{"rendered":"<p>RAPIDEX MAXIBOX<br \/> R\u00e9f\u00e9rence constructeur : BA-0305-101<br \/> R\u00e9f\u00e9rences \u00e9quivalentes : BA0305101 \/ MBAM0305101 \/ RAPBARAP0305101<\/p>","protected":false},"featured_media":0,"comment_status":"open","ping_status":"closed","template":"","meta":[],"_links":{"self":[{"href":"https:\/\/www.sams-industrie.fr\/en\/wp-json\/wp\/v2\/product\/9891"}],"collection":[{"href":"https:\/\/www.sams-industrie.fr\/en\/wp-json\/wp\/v2\/product"}],"about":[{"href":"https:\/\/www.sams-industrie.fr\/en\/wp-json\/wp\/v2\/types\/product"}],"replies":[{"embeddable":true,"href":"https:\/\/www.sams-industrie.fr\/en\/wp-json\/wp\/v2\/comments?post=9891"}],"wp:attachment":[{"href":"https:\/\/www.sams-industrie.fr\/en\/wp-json\/wp\/v2\/media?parent=9891"}],"curies":[{"name":"wp","href":"https:\/\/api.w.org\/{rel}","templated":true}]}}