{"id":9890,"date":"2025-02-05T09:48:19","date_gmt":"2025-02-05T08:48:19","guid":{"rendered":"https:\/\/www.sams-industrie.fr\/product\/poulie-principale-reference\/"},"modified":"2025-02-19T11:50:59","modified_gmt":"2025-02-19T10:50:59","slug":"poulie-principale-reference","status":"publish","type":"product","link":"https:\/\/www.sams-industrie.fr\/en\/product\/poulie-principale-reference\/","title":{"rendered":"Main pulley<br> Reference 3R 068"},"content":{"rendered":"","protected":false},"excerpt":{"rendered":"<p>RAPIDEX MAXIBOX<br \/> R\u00e9f\u00e9rence constructeur : 3R 068<br \/> R\u00e9f\u00e9rences \u00e9quivalentes : 3R068 \/ M3R068 \/ RAP3R068<\/p>","protected":false},"featured_media":0,"comment_status":"open","ping_status":"closed","template":"","meta":[],"_links":{"self":[{"href":"https:\/\/www.sams-industrie.fr\/en\/wp-json\/wp\/v2\/product\/9890"}],"collection":[{"href":"https:\/\/www.sams-industrie.fr\/en\/wp-json\/wp\/v2\/product"}],"about":[{"href":"https:\/\/www.sams-industrie.fr\/en\/wp-json\/wp\/v2\/types\/product"}],"replies":[{"embeddable":true,"href":"https:\/\/www.sams-industrie.fr\/en\/wp-json\/wp\/v2\/comments?post=9890"}],"wp:attachment":[{"href":"https:\/\/www.sams-industrie.fr\/en\/wp-json\/wp\/v2\/media?parent=9890"}],"curies":[{"name":"wp","href":"https:\/\/api.w.org\/{rel}","templated":true}]}}