{"id":9889,"date":"2025-02-05T09:48:19","date_gmt":"2025-02-05T08:48:19","guid":{"rendered":"https:\/\/www.sams-industrie.fr\/product\/moyeu-de-contrepartie-reference\/"},"modified":"2025-02-19T11:50:59","modified_gmt":"2025-02-19T10:50:59","slug":"moyeu-de-contrepartie-reference","status":"publish","type":"product","link":"https:\/\/www.sams-industrie.fr\/en\/product\/moyeu-de-contrepartie-reference\/","title":{"rendered":"Counterpart hub<br> Reference BAE-2204-060"},"content":{"rendered":"","protected":false},"excerpt":{"rendered":"<p>RAPIDEX MAXIBOX \u2013 RAPIDBOX<br \/> R\u00e9f\u00e9rence constructeur : BAE-2204-060<br \/> R\u00e9f\u00e9rences \u00e9quivalentes : BAE2204060 \/ MBAE2204060 \/ RAPBAE2204060<\/p>","protected":false},"featured_media":0,"comment_status":"open","ping_status":"closed","template":"","meta":[],"_links":{"self":[{"href":"https:\/\/www.sams-industrie.fr\/en\/wp-json\/wp\/v2\/product\/9889"}],"collection":[{"href":"https:\/\/www.sams-industrie.fr\/en\/wp-json\/wp\/v2\/product"}],"about":[{"href":"https:\/\/www.sams-industrie.fr\/en\/wp-json\/wp\/v2\/types\/product"}],"replies":[{"embeddable":true,"href":"https:\/\/www.sams-industrie.fr\/en\/wp-json\/wp\/v2\/comments?post=9889"}],"wp:attachment":[{"href":"https:\/\/www.sams-industrie.fr\/en\/wp-json\/wp\/v2\/media?parent=9889"}],"curies":[{"name":"wp","href":"https:\/\/api.w.org\/{rel}","templated":true}]}}