{"id":9888,"date":"2025-02-05T09:48:18","date_gmt":"2025-02-05T08:48:18","guid":{"rendered":"https:\/\/www.sams-industrie.fr\/product\/contrepartie-de-couteau-circulaire-reference\/"},"modified":"2025-02-19T11:50:58","modified_gmt":"2025-02-19T10:50:58","slug":"contrepartie-de-couteau-circulaire-reference","status":"publish","type":"product","link":"https:\/\/www.sams-industrie.fr\/en\/product\/contrepartie-de-couteau-circulaire-reference\/","title":{"rendered":"Circular knife counterpart<br> Reference BAE-2204-039"},"content":{"rendered":"","protected":false},"excerpt":{"rendered":"<p>RAPIDEX MAXIBOX \u2013 RAPIDBOX<br \/> R\u00e9f\u00e9rence constructeur : BAE-2204-039<br \/> R\u00e9f\u00e9rences \u00e9quivalentes : BAE2204039 \/ MBAE2204039 \/ RAPBAE2204039<\/p>","protected":false},"featured_media":0,"comment_status":"open","ping_status":"closed","template":"","meta":[],"_links":{"self":[{"href":"https:\/\/www.sams-industrie.fr\/en\/wp-json\/wp\/v2\/product\/9888"}],"collection":[{"href":"https:\/\/www.sams-industrie.fr\/en\/wp-json\/wp\/v2\/product"}],"about":[{"href":"https:\/\/www.sams-industrie.fr\/en\/wp-json\/wp\/v2\/types\/product"}],"replies":[{"embeddable":true,"href":"https:\/\/www.sams-industrie.fr\/en\/wp-json\/wp\/v2\/comments?post=9888"}],"wp:attachment":[{"href":"https:\/\/www.sams-industrie.fr\/en\/wp-json\/wp\/v2\/media?parent=9888"}],"curies":[{"name":"wp","href":"https:\/\/api.w.org\/{rel}","templated":true}]}}