{"id":9882,"date":"2025-02-05T09:48:15","date_gmt":"2025-02-05T08:48:15","guid":{"rendered":"https:\/\/www.sams-industrie.fr\/product\/lame-de-coupe-partielle-reference\/"},"modified":"2025-02-19T11:50:54","modified_gmt":"2025-02-19T10:50:54","slug":"lame-de-coupe-partielle-reference","status":"publish","type":"product","link":"https:\/\/www.sams-industrie.fr\/en\/product\/lame-de-coupe-partielle-reference\/","title":{"rendered":"Partial cutting blade<br> Reference 3K 204"},"content":{"rendered":"","protected":false},"excerpt":{"rendered":"<p>RAPIDEX MAXIBOX<br \/> R\u00e9f\u00e9rence constructeur : 3K 204<br \/> R\u00e9f\u00e9rences \u00e9quivalentes : 3K204 \/ M3K204 \/ RAP3K204<\/p>","protected":false},"featured_media":0,"comment_status":"open","ping_status":"closed","template":"","meta":[],"_links":{"self":[{"href":"https:\/\/www.sams-industrie.fr\/en\/wp-json\/wp\/v2\/product\/9882"}],"collection":[{"href":"https:\/\/www.sams-industrie.fr\/en\/wp-json\/wp\/v2\/product"}],"about":[{"href":"https:\/\/www.sams-industrie.fr\/en\/wp-json\/wp\/v2\/types\/product"}],"replies":[{"embeddable":true,"href":"https:\/\/www.sams-industrie.fr\/en\/wp-json\/wp\/v2\/comments?post=9882"}],"wp:attachment":[{"href":"https:\/\/www.sams-industrie.fr\/en\/wp-json\/wp\/v2\/media?parent=9882"}],"curies":[{"name":"wp","href":"https:\/\/api.w.org\/{rel}","templated":true}]}}