{"id":9881,"date":"2025-02-05T09:48:14","date_gmt":"2025-02-05T08:48:14","guid":{"rendered":"https:\/\/www.sams-industrie.fr\/product\/couteau-circulaire-reference-2\/"},"modified":"2025-02-19T11:50:53","modified_gmt":"2025-02-19T10:50:53","slug":"couteau-circulaire-reference-2","status":"publish","type":"product","link":"https:\/\/www.sams-industrie.fr\/en\/product\/couteau-circulaire-reference-2\/","title":{"rendered":"Circular knife<br> Reference 3D 233A"},"content":{"rendered":"","protected":false},"excerpt":{"rendered":"<p>RAPIDEX MAXIBOX \u2013 RAPIDBOX<br \/> R\u00e9f\u00e9rence constructeur : 3D 233A<br \/> R\u00e9f\u00e9rences \u00e9quivalentes : 3D233A \/ M3D233A \/ RAP3D233A<\/p>","protected":false},"featured_media":0,"comment_status":"open","ping_status":"closed","template":"","meta":[],"_links":{"self":[{"href":"https:\/\/www.sams-industrie.fr\/en\/wp-json\/wp\/v2\/product\/9881"}],"collection":[{"href":"https:\/\/www.sams-industrie.fr\/en\/wp-json\/wp\/v2\/product"}],"about":[{"href":"https:\/\/www.sams-industrie.fr\/en\/wp-json\/wp\/v2\/types\/product"}],"replies":[{"embeddable":true,"href":"https:\/\/www.sams-industrie.fr\/en\/wp-json\/wp\/v2\/comments?post=9881"}],"wp:attachment":[{"href":"https:\/\/www.sams-industrie.fr\/en\/wp-json\/wp\/v2\/media?parent=9881"}],"curies":[{"name":"wp","href":"https:\/\/api.w.org\/{rel}","templated":true}]}}