{"id":9880,"date":"2025-02-05T09:48:13","date_gmt":"2025-02-05T08:48:13","guid":{"rendered":"https:\/\/www.sams-industrie.fr\/product\/couteau-circulaire-de-slit-reference\/"},"modified":"2025-02-19T11:50:53","modified_gmt":"2025-02-19T10:50:53","slug":"couteau-circulaire-de-slit-reference","status":"publish","type":"product","link":"https:\/\/www.sams-industrie.fr\/en\/product\/couteau-circulaire-de-slit-reference\/","title":{"rendered":"Slitting circular knife<br> Reference 4K 146"},"content":{"rendered":"","protected":false},"excerpt":{"rendered":"<p>RAPIDEX MAXIBOX \u2013 RAPIDBOX<br \/> R\u00e9f\u00e9rence constructeur : 4K 146<br \/> R\u00e9f\u00e9rences \u00e9quivalentes : 4K146 \/ M4K146 \/ RAP4K146<\/p>","protected":false},"featured_media":0,"comment_status":"open","ping_status":"closed","template":"","meta":[],"_links":{"self":[{"href":"https:\/\/www.sams-industrie.fr\/en\/wp-json\/wp\/v2\/product\/9880"}],"collection":[{"href":"https:\/\/www.sams-industrie.fr\/en\/wp-json\/wp\/v2\/product"}],"about":[{"href":"https:\/\/www.sams-industrie.fr\/en\/wp-json\/wp\/v2\/types\/product"}],"replies":[{"embeddable":true,"href":"https:\/\/www.sams-industrie.fr\/en\/wp-json\/wp\/v2\/comments?post=9880"}],"wp:attachment":[{"href":"https:\/\/www.sams-industrie.fr\/en\/wp-json\/wp\/v2\/media?parent=9880"}],"curies":[{"name":"wp","href":"https:\/\/api.w.org\/{rel}","templated":true}]}}