{"id":9878,"date":"2025-02-05T09:48:10","date_gmt":"2025-02-05T08:48:10","guid":{"rendered":"https:\/\/www.sams-industrie.fr\/product\/refouleur-flasque-excentree-male-reference\/"},"modified":"2025-02-19T11:50:51","modified_gmt":"2025-02-19T10:50:51","slug":"refouleur-flasque-excentree-male-reference","status":"publish","type":"product","link":"https:\/\/www.sams-industrie.fr\/en\/product\/refouleur-flasque-excentree-male-reference\/","title":{"rendered":"Male eccentric flanged pusher<br> Reference 2F 211A"},"content":{"rendered":"","protected":false},"excerpt":{"rendered":"<p>RAPIDEX RAPIDBOX<br \/> R\u00e9f\u00e9rence constructeur : 2F 211A<br \/> R\u00e9f\u00e9rences \u00e9quivalentes : 2F211A \/ M2F211A \/ RAP2F211A<\/p>","protected":false},"featured_media":0,"comment_status":"open","ping_status":"closed","template":"","meta":[],"_links":{"self":[{"href":"https:\/\/www.sams-industrie.fr\/en\/wp-json\/wp\/v2\/product\/9878"}],"collection":[{"href":"https:\/\/www.sams-industrie.fr\/en\/wp-json\/wp\/v2\/product"}],"about":[{"href":"https:\/\/www.sams-industrie.fr\/en\/wp-json\/wp\/v2\/types\/product"}],"replies":[{"embeddable":true,"href":"https:\/\/www.sams-industrie.fr\/en\/wp-json\/wp\/v2\/comments?post=9878"}],"wp:attachment":[{"href":"https:\/\/www.sams-industrie.fr\/en\/wp-json\/wp\/v2\/media?parent=9878"}],"curies":[{"name":"wp","href":"https:\/\/api.w.org\/{rel}","templated":true}]}}