{"id":9877,"date":"2025-02-05T09:48:10","date_gmt":"2025-02-05T08:48:10","guid":{"rendered":"https:\/\/www.sams-industrie.fr\/product\/contrepartie-couteau-circulaire-reference\/"},"modified":"2025-07-03T15:31:39","modified_gmt":"2025-07-03T13:31:39","slug":"contrepartie-couteau-circulaire-reference","status":"publish","type":"product","link":"https:\/\/www.sams-industrie.fr\/en\/product\/contrepartie-couteau-circulaire-reference\/","title":{"rendered":"Circular knife counterpart<br> Reference 3F 879"},"content":{"rendered":"","protected":false},"excerpt":{"rendered":"<p>RAPIDEX RAPIDBOX<br \/>\nR\u00e9f\u00e9rence constructeur : 3F 879<br \/>\nR\u00e9f\u00e9rences \u00e9quivalentes : 3F879 \/ M3F879 \/ RAP3F879<\/p>","protected":false},"featured_media":11422,"comment_status":"open","ping_status":"closed","template":"","meta":[],"_links":{"self":[{"href":"https:\/\/www.sams-industrie.fr\/en\/wp-json\/wp\/v2\/product\/9877"}],"collection":[{"href":"https:\/\/www.sams-industrie.fr\/en\/wp-json\/wp\/v2\/product"}],"about":[{"href":"https:\/\/www.sams-industrie.fr\/en\/wp-json\/wp\/v2\/types\/product"}],"replies":[{"embeddable":true,"href":"https:\/\/www.sams-industrie.fr\/en\/wp-json\/wp\/v2\/comments?post=9877"}],"wp:featuredmedia":[{"embeddable":true,"href":"https:\/\/www.sams-industrie.fr\/en\/wp-json\/wp\/v2\/media\/11422"}],"wp:attachment":[{"href":"https:\/\/www.sams-industrie.fr\/en\/wp-json\/wp\/v2\/media?parent=9877"}],"curies":[{"name":"wp","href":"https:\/\/api.w.org\/{rel}","templated":true}]}}