{"id":9876,"date":"2025-02-05T09:48:09","date_gmt":"2025-02-05T08:48:09","guid":{"rendered":"https:\/\/www.sams-industrie.fr\/product\/couteau-circulaire-reference\/"},"modified":"2025-02-19T11:50:50","modified_gmt":"2025-02-19T10:50:50","slug":"couteau-circulaire-reference","status":"publish","type":"product","link":"https:\/\/www.sams-industrie.fr\/en\/product\/couteau-circulaire-reference\/","title":{"rendered":"Circular knife<br> Reference 3F 878"},"content":{"rendered":"","protected":false},"excerpt":{"rendered":"<p>RAPIDEX RAPIDBOX<br \/> R\u00e9f\u00e9rence constructeur : 3F 878<br \/> R\u00e9f\u00e9rences \u00e9quivalentes : 3F878 \/ M3F878 \/ RAP3F878<\/p>","protected":false},"featured_media":0,"comment_status":"open","ping_status":"closed","template":"","meta":[],"_links":{"self":[{"href":"https:\/\/www.sams-industrie.fr\/en\/wp-json\/wp\/v2\/product\/9876"}],"collection":[{"href":"https:\/\/www.sams-industrie.fr\/en\/wp-json\/wp\/v2\/product"}],"about":[{"href":"https:\/\/www.sams-industrie.fr\/en\/wp-json\/wp\/v2\/types\/product"}],"replies":[{"embeddable":true,"href":"https:\/\/www.sams-industrie.fr\/en\/wp-json\/wp\/v2\/comments?post=9876"}],"wp:attachment":[{"href":"https:\/\/www.sams-industrie.fr\/en\/wp-json\/wp\/v2\/media?parent=9876"}],"curies":[{"name":"wp","href":"https:\/\/api.w.org\/{rel}","templated":true}]}}