{"id":9874,"date":"2025-02-05T09:48:08","date_gmt":"2025-02-05T08:48:08","guid":{"rendered":"https:\/\/www.sams-industrie.fr\/product\/pignon-moteur-courroies-reception-reference\/"},"modified":"2025-02-19T11:50:48","modified_gmt":"2025-02-19T10:50:48","slug":"pignon-moteur-courroies-reception-reference","status":"publish","type":"product","link":"https:\/\/www.sams-industrie.fr\/en\/product\/pignon-moteur-courroies-reception-reference\/","title":{"rendered":"Motor pinion belts reception<br> Reference BAF-2704-011"},"content":{"rendered":"","protected":false},"excerpt":{"rendered":"<p>RAPIDEX RAPIDBOX<br \/> R\u00e9f\u00e9rence constructeur : BAF-2704-011<br \/> R\u00e9f\u00e9rences \u00e9quivalentes : BAF2704011 \/ MBAF2704011 \/ RAPBAF2704011<\/p>","protected":false},"featured_media":0,"comment_status":"open","ping_status":"closed","template":"","meta":[],"_links":{"self":[{"href":"https:\/\/www.sams-industrie.fr\/en\/wp-json\/wp\/v2\/product\/9874"}],"collection":[{"href":"https:\/\/www.sams-industrie.fr\/en\/wp-json\/wp\/v2\/product"}],"about":[{"href":"https:\/\/www.sams-industrie.fr\/en\/wp-json\/wp\/v2\/types\/product"}],"replies":[{"embeddable":true,"href":"https:\/\/www.sams-industrie.fr\/en\/wp-json\/wp\/v2\/comments?post=9874"}],"wp:attachment":[{"href":"https:\/\/www.sams-industrie.fr\/en\/wp-json\/wp\/v2\/media?parent=9874"}],"curies":[{"name":"wp","href":"https:\/\/api.w.org\/{rel}","templated":true}]}}