{"id":9871,"date":"2025-02-05T09:48:06","date_gmt":"2025-02-05T08:48:06","guid":{"rendered":"https:\/\/www.sams-industrie.fr\/product\/arbre-entraineur-sortie-decoupeur-reference\/"},"modified":"2025-02-19T11:50:46","modified_gmt":"2025-02-19T10:50:46","slug":"arbre-entraineur-sortie-decoupeur-reference","status":"publish","type":"product","link":"https:\/\/www.sams-industrie.fr\/en\/product\/arbre-entraineur-sortie-decoupeur-reference\/","title":{"rendered":"Cutter output drive shaft<br> Reference BAF-2704-002"},"content":{"rendered":"","protected":false},"excerpt":{"rendered":"<p>RAPIDEX RAPIDBOX<br \/> R\u00e9f\u00e9rence constructeur : BAF-2704-002<br \/> R\u00e9f\u00e9rences \u00e9quivalentes : BAF2704002 \/ MBAF2704002 \/ RAPBAF2704002<\/p>","protected":false},"featured_media":0,"comment_status":"open","ping_status":"closed","template":"","meta":[],"_links":{"self":[{"href":"https:\/\/www.sams-industrie.fr\/en\/wp-json\/wp\/v2\/product\/9871"}],"collection":[{"href":"https:\/\/www.sams-industrie.fr\/en\/wp-json\/wp\/v2\/product"}],"about":[{"href":"https:\/\/www.sams-industrie.fr\/en\/wp-json\/wp\/v2\/types\/product"}],"replies":[{"embeddable":true,"href":"https:\/\/www.sams-industrie.fr\/en\/wp-json\/wp\/v2\/comments?post=9871"}],"wp:attachment":[{"href":"https:\/\/www.sams-industrie.fr\/en\/wp-json\/wp\/v2\/media?parent=9871"}],"curies":[{"name":"wp","href":"https:\/\/api.w.org\/{rel}","templated":true}]}}