{"id":9870,"date":"2025-02-05T09:48:05","date_gmt":"2025-02-05T08:48:05","guid":{"rendered":"https:\/\/www.sams-industrie.fr\/product\/pignon-recepteur-entraineur-reference\/"},"modified":"2025-02-19T11:50:45","modified_gmt":"2025-02-19T10:50:45","slug":"pignon-recepteur-entraineur-reference","status":"publish","type":"product","link":"https:\/\/www.sams-industrie.fr\/en\/product\/pignon-recepteur-entraineur-reference\/","title":{"rendered":"Drive pinion<br> Reference BAF-2004-006"},"content":{"rendered":"","protected":false},"excerpt":{"rendered":"<p>RAPIDEX RAPIDBOX<br \/> R\u00e9f\u00e9rence constructeur : BAF-2004-006<br \/> R\u00e9f\u00e9rences \u00e9quivalentes : BAF2004006 \/ MBAF2004006 \/ RAPBAF2004006<\/p>","protected":false},"featured_media":0,"comment_status":"open","ping_status":"closed","template":"","meta":[],"_links":{"self":[{"href":"https:\/\/www.sams-industrie.fr\/en\/wp-json\/wp\/v2\/product\/9870"}],"collection":[{"href":"https:\/\/www.sams-industrie.fr\/en\/wp-json\/wp\/v2\/product"}],"about":[{"href":"https:\/\/www.sams-industrie.fr\/en\/wp-json\/wp\/v2\/types\/product"}],"replies":[{"embeddable":true,"href":"https:\/\/www.sams-industrie.fr\/en\/wp-json\/wp\/v2\/comments?post=9870"}],"wp:attachment":[{"href":"https:\/\/www.sams-industrie.fr\/en\/wp-json\/wp\/v2\/media?parent=9870"}],"curies":[{"name":"wp","href":"https:\/\/api.w.org\/{rel}","templated":true}]}}