{"id":9869,"date":"2025-02-05T09:48:04","date_gmt":"2025-02-05T08:48:04","guid":{"rendered":"https:\/\/www.sams-industrie.fr\/product\/pignon-broche-reference\/"},"modified":"2025-02-19T11:50:44","modified_gmt":"2025-02-19T10:50:44","slug":"pignon-broche-reference","status":"publish","type":"product","link":"https:\/\/www.sams-industrie.fr\/en\/product\/pignon-broche-reference\/","title":{"rendered":"Broached pinion<br> Reference BAF-2004-005"},"content":{"rendered":"","protected":false},"excerpt":{"rendered":"<p>RAPIDEX RAPIDBOX<br \/> R\u00e9f\u00e9rence constructeur : BAF-2004-005<br \/> R\u00e9f\u00e9rences \u00e9quivalentes : BAF2004005 \/ MBAF2004005 \/ RAPBAF2004005<\/p>","protected":false},"featured_media":0,"comment_status":"open","ping_status":"closed","template":"","meta":[],"_links":{"self":[{"href":"https:\/\/www.sams-industrie.fr\/en\/wp-json\/wp\/v2\/product\/9869"}],"collection":[{"href":"https:\/\/www.sams-industrie.fr\/en\/wp-json\/wp\/v2\/product"}],"about":[{"href":"https:\/\/www.sams-industrie.fr\/en\/wp-json\/wp\/v2\/types\/product"}],"replies":[{"embeddable":true,"href":"https:\/\/www.sams-industrie.fr\/en\/wp-json\/wp\/v2\/comments?post=9869"}],"wp:attachment":[{"href":"https:\/\/www.sams-industrie.fr\/en\/wp-json\/wp\/v2\/media?parent=9869"}],"curies":[{"name":"wp","href":"https:\/\/api.w.org\/{rel}","templated":true}]}}