{"id":9868,"date":"2025-02-05T09:48:03","date_gmt":"2025-02-05T08:48:03","guid":{"rendered":"https:\/\/www.sams-industrie.fr\/product\/entraineur-inferieur-reception-reference\/"},"modified":"2025-02-19T11:50:44","modified_gmt":"2025-02-19T10:50:44","slug":"entraineur-inferieur-reception-reference","status":"publish","type":"product","link":"https:\/\/www.sams-industrie.fr\/en\/product\/entraineur-inferieur-reception-reference\/","title":{"rendered":"Lower reception coach<br> Reference BAF-2405-026"},"content":{"rendered":"","protected":false},"excerpt":{"rendered":"<p>RAPIDEX RAPIDBOX<br \/> R\u00e9f\u00e9rence constructeur : BAF-2405-026<br \/> R\u00e9f\u00e9rences \u00e9quivalentes : BAF2405026 \/ MBAF2405026 \/ RAPBAF2405026<\/p>","protected":false},"featured_media":0,"comment_status":"open","ping_status":"closed","template":"","meta":[],"_links":{"self":[{"href":"https:\/\/www.sams-industrie.fr\/en\/wp-json\/wp\/v2\/product\/9868"}],"collection":[{"href":"https:\/\/www.sams-industrie.fr\/en\/wp-json\/wp\/v2\/product"}],"about":[{"href":"https:\/\/www.sams-industrie.fr\/en\/wp-json\/wp\/v2\/types\/product"}],"replies":[{"embeddable":true,"href":"https:\/\/www.sams-industrie.fr\/en\/wp-json\/wp\/v2\/comments?post=9868"}],"wp:attachment":[{"href":"https:\/\/www.sams-industrie.fr\/en\/wp-json\/wp\/v2\/media?parent=9868"}],"curies":[{"name":"wp","href":"https:\/\/api.w.org\/{rel}","templated":true}]}}