{"id":9865,"date":"2025-02-05T09:48:01","date_gmt":"2025-02-05T08:48:01","guid":{"rendered":"https:\/\/www.sams-industrie.fr\/product\/glissiere-de-chaine-a-taquets-reference-3\/"},"modified":"2025-02-19T11:50:42","modified_gmt":"2025-02-19T10:50:42","slug":"glissiere-de-chaine-a-taquets-reference-3","status":"publish","type":"product","link":"https:\/\/www.sams-industrie.fr\/en\/product\/glissiere-de-chaine-a-taquets-reference-3\/","title":{"rendered":"Chain slide with cleats<br> Reference BAF-2405-003"},"content":{"rendered":"","protected":false},"excerpt":{"rendered":"<p>RAPIDEX RAPIDBOX<br \/> R\u00e9f\u00e9rence constructeur : BAF-2405-003<br \/> R\u00e9f\u00e9rences \u00e9quivalentes : BAF2405003 \/ MBAF2405003 \/ RAPBAF2405003<\/p>","protected":false},"featured_media":0,"comment_status":"open","ping_status":"closed","template":"","meta":[],"_links":{"self":[{"href":"https:\/\/www.sams-industrie.fr\/en\/wp-json\/wp\/v2\/product\/9865"}],"collection":[{"href":"https:\/\/www.sams-industrie.fr\/en\/wp-json\/wp\/v2\/product"}],"about":[{"href":"https:\/\/www.sams-industrie.fr\/en\/wp-json\/wp\/v2\/types\/product"}],"replies":[{"embeddable":true,"href":"https:\/\/www.sams-industrie.fr\/en\/wp-json\/wp\/v2\/comments?post=9865"}],"wp:attachment":[{"href":"https:\/\/www.sams-industrie.fr\/en\/wp-json\/wp\/v2\/media?parent=9865"}],"curies":[{"name":"wp","href":"https:\/\/api.w.org\/{rel}","templated":true}]}}