{"id":9864,"date":"2025-02-05T09:48:01","date_gmt":"2025-02-05T08:48:01","guid":{"rendered":"https:\/\/www.sams-industrie.fr\/product\/glissiere-de-chaine-a-taquets-reference-2\/"},"modified":"2025-02-19T11:50:41","modified_gmt":"2025-02-19T10:50:41","slug":"glissiere-de-chaine-a-taquets-reference-2","status":"publish","type":"product","link":"https:\/\/www.sams-industrie.fr\/en\/product\/glissiere-de-chaine-a-taquets-reference-2\/","title":{"rendered":"Chain slide with cleats<br> Reference BAF-2405-002"},"content":{"rendered":"","protected":false},"excerpt":{"rendered":"<p>RAPIDEX RAPIDBOX<br \/> R\u00e9f\u00e9rence constructeur : BAF-2405-002<br \/> R\u00e9f\u00e9rences \u00e9quivalentes : BAF2405002 \/ MBAF2405002 \/ RAPBAF2405002<\/p>","protected":false},"featured_media":0,"comment_status":"open","ping_status":"closed","template":"","meta":[],"_links":{"self":[{"href":"https:\/\/www.sams-industrie.fr\/en\/wp-json\/wp\/v2\/product\/9864"}],"collection":[{"href":"https:\/\/www.sams-industrie.fr\/en\/wp-json\/wp\/v2\/product"}],"about":[{"href":"https:\/\/www.sams-industrie.fr\/en\/wp-json\/wp\/v2\/types\/product"}],"replies":[{"embeddable":true,"href":"https:\/\/www.sams-industrie.fr\/en\/wp-json\/wp\/v2\/comments?post=9864"}],"wp:attachment":[{"href":"https:\/\/www.sams-industrie.fr\/en\/wp-json\/wp\/v2\/media?parent=9864"}],"curies":[{"name":"wp","href":"https:\/\/api.w.org\/{rel}","templated":true}]}}