{"id":9863,"date":"2025-02-05T09:48:00","date_gmt":"2025-02-05T08:48:00","guid":{"rendered":"https:\/\/www.sams-industrie.fr\/product\/glissiere-de-chaine-a-taquets-reference\/"},"modified":"2025-02-19T11:50:40","modified_gmt":"2025-02-19T10:50:40","slug":"glissiere-de-chaine-a-taquets-reference","status":"publish","type":"product","link":"https:\/\/www.sams-industrie.fr\/en\/product\/glissiere-de-chaine-a-taquets-reference\/","title":{"rendered":"Chain slide with cleats<br> Reference BAF-2405-055"},"content":{"rendered":"","protected":false},"excerpt":{"rendered":"<p>RAPIDEX RAPIDBOX<br \/> R\u00e9f\u00e9rence constructeur : BAF-2405-055<br \/> R\u00e9f\u00e9rences \u00e9quivalentes : BAF2405055 \/ MBAF2405055 \/ RAPBAF2405055<\/p>","protected":false},"featured_media":0,"comment_status":"open","ping_status":"closed","template":"","meta":[],"_links":{"self":[{"href":"https:\/\/www.sams-industrie.fr\/en\/wp-json\/wp\/v2\/product\/9863"}],"collection":[{"href":"https:\/\/www.sams-industrie.fr\/en\/wp-json\/wp\/v2\/product"}],"about":[{"href":"https:\/\/www.sams-industrie.fr\/en\/wp-json\/wp\/v2\/types\/product"}],"replies":[{"embeddable":true,"href":"https:\/\/www.sams-industrie.fr\/en\/wp-json\/wp\/v2\/comments?post=9863"}],"wp:attachment":[{"href":"https:\/\/www.sams-industrie.fr\/en\/wp-json\/wp\/v2\/media?parent=9863"}],"curies":[{"name":"wp","href":"https:\/\/api.w.org\/{rel}","templated":true}]}}