{"id":9862,"date":"2025-02-05T09:47:59","date_gmt":"2025-02-05T08:47:59","guid":{"rendered":"https:\/\/www.sams-industrie.fr\/product\/patin-de-taquet-reception-reference-2\/"},"modified":"2025-02-19T11:50:38","modified_gmt":"2025-02-19T10:50:38","slug":"patin-de-taquet-reception-reference-2","status":"publish","type":"product","link":"https:\/\/www.sams-industrie.fr\/en\/product\/patin-de-taquet-reception-reference-2\/","title":{"rendered":"Reception cleat pad<br> Reference BAF-2405-070"},"content":{"rendered":"","protected":false},"excerpt":{"rendered":"<p>RAPIDEX RAPIDBOX<br \/> R\u00e9f\u00e9rence constructeur : BAF-2405-070<br \/> R\u00e9f\u00e9rences \u00e9quivalentes : BAF2405070 \/ MBAF2405070 \/ RAPBAF2405070<\/p>","protected":false},"featured_media":0,"comment_status":"open","ping_status":"closed","template":"","meta":[],"_links":{"self":[{"href":"https:\/\/www.sams-industrie.fr\/en\/wp-json\/wp\/v2\/product\/9862"}],"collection":[{"href":"https:\/\/www.sams-industrie.fr\/en\/wp-json\/wp\/v2\/product"}],"about":[{"href":"https:\/\/www.sams-industrie.fr\/en\/wp-json\/wp\/v2\/types\/product"}],"replies":[{"embeddable":true,"href":"https:\/\/www.sams-industrie.fr\/en\/wp-json\/wp\/v2\/comments?post=9862"}],"wp:attachment":[{"href":"https:\/\/www.sams-industrie.fr\/en\/wp-json\/wp\/v2\/media?parent=9862"}],"curies":[{"name":"wp","href":"https:\/\/api.w.org\/{rel}","templated":true}]}}