{"id":9860,"date":"2025-02-05T09:47:57","date_gmt":"2025-02-05T08:47:57","guid":{"rendered":"https:\/\/www.sams-industrie.fr\/product\/support-batteur-lateral-reception-reference\/"},"modified":"2025-02-19T11:50:37","modified_gmt":"2025-02-19T10:50:37","slug":"support-batteur-lateral-reception-reference","status":"publish","type":"product","link":"https:\/\/www.sams-industrie.fr\/en\/product\/support-batteur-lateral-reception-reference\/","title":{"rendered":"Side drummer support reception<br> Reference BAF-2400-016"},"content":{"rendered":"","protected":false},"excerpt":{"rendered":"<p>RAPIDEX RAPIDBOX<br \/> R\u00e9f\u00e9rence constructeur : BAF-2400-016<br \/> R\u00e9f\u00e9rences \u00e9quivalentes : BAF2400016 \/ MBAF2400016 \/ RAPBAF2400016<\/p>","protected":false},"featured_media":0,"comment_status":"open","ping_status":"closed","template":"","meta":[],"_links":{"self":[{"href":"https:\/\/www.sams-industrie.fr\/en\/wp-json\/wp\/v2\/product\/9860"}],"collection":[{"href":"https:\/\/www.sams-industrie.fr\/en\/wp-json\/wp\/v2\/product"}],"about":[{"href":"https:\/\/www.sams-industrie.fr\/en\/wp-json\/wp\/v2\/types\/product"}],"replies":[{"embeddable":true,"href":"https:\/\/www.sams-industrie.fr\/en\/wp-json\/wp\/v2\/comments?post=9860"}],"wp:attachment":[{"href":"https:\/\/www.sams-industrie.fr\/en\/wp-json\/wp\/v2\/media?parent=9860"}],"curies":[{"name":"wp","href":"https:\/\/api.w.org\/{rel}","templated":true}]}}