{"id":9858,"date":"2025-02-05T09:47:56","date_gmt":"2025-02-05T08:47:56","guid":{"rendered":"https:\/\/www.sams-industrie.fr\/product\/support-batteur-reception-reference\/"},"modified":"2025-02-19T11:50:35","modified_gmt":"2025-02-19T10:50:35","slug":"support-batteur-reception-reference","status":"publish","type":"product","link":"https:\/\/www.sams-industrie.fr\/en\/product\/support-batteur-reception-reference\/","title":{"rendered":"Reception drummer support<br> Reference BAF-2408-002"},"content":{"rendered":"","protected":false},"excerpt":{"rendered":"<p>RAPIDEX RAPIDBOX<br \/> R\u00e9f\u00e9rence constructeur : BAF-2408-002<br \/> R\u00e9f\u00e9rences \u00e9quivalentes : BAF2408002 \/ MBAF2408002 \/ RAPBAF2408002<\/p>","protected":false},"featured_media":0,"comment_status":"open","ping_status":"closed","template":"","meta":[],"_links":{"self":[{"href":"https:\/\/www.sams-industrie.fr\/en\/wp-json\/wp\/v2\/product\/9858"}],"collection":[{"href":"https:\/\/www.sams-industrie.fr\/en\/wp-json\/wp\/v2\/product"}],"about":[{"href":"https:\/\/www.sams-industrie.fr\/en\/wp-json\/wp\/v2\/types\/product"}],"replies":[{"embeddable":true,"href":"https:\/\/www.sams-industrie.fr\/en\/wp-json\/wp\/v2\/comments?post=9858"}],"wp:attachment":[{"href":"https:\/\/www.sams-industrie.fr\/en\/wp-json\/wp\/v2\/media?parent=9858"}],"curies":[{"name":"wp","href":"https:\/\/api.w.org\/{rel}","templated":true}]}}