{"id":9855,"date":"2025-02-05T09:47:54","date_gmt":"2025-02-05T08:47:54","guid":{"rendered":"https:\/\/www.sams-industrie.fr\/product\/roue-basse-pression-montage-rapide-reference\/"},"modified":"2025-09-11T14:42:07","modified_gmt":"2025-09-11T12:42:07","slug":"roue-basse-pression-montage-rapide-reference","status":"publish","type":"product","link":"https:\/\/www.sams-industrie.fr\/en\/product\/roue-basse-pression-montage-rapide-reference\/","title":{"rendered":"Low pressure wheel quick assembly<br> Reference BAF-2200-A13"},"content":{"rendered":"","protected":false},"excerpt":{"rendered":"<p>RAPIDEX RAPIDBOX<br \/>\nR\u00e9f\u00e9rence constructeur : BAF-2200-A13<br \/>\nR\u00e9f\u00e9rences \u00e9quivalentes : BAF2200A13 \/ MBAF2200A13 \/ RAPBAF2200A13<\/p>","protected":false},"featured_media":11490,"comment_status":"open","ping_status":"closed","template":"","meta":[],"_links":{"self":[{"href":"https:\/\/www.sams-industrie.fr\/en\/wp-json\/wp\/v2\/product\/9855"}],"collection":[{"href":"https:\/\/www.sams-industrie.fr\/en\/wp-json\/wp\/v2\/product"}],"about":[{"href":"https:\/\/www.sams-industrie.fr\/en\/wp-json\/wp\/v2\/types\/product"}],"replies":[{"embeddable":true,"href":"https:\/\/www.sams-industrie.fr\/en\/wp-json\/wp\/v2\/comments?post=9855"}],"wp:featuredmedia":[{"embeddable":true,"href":"https:\/\/www.sams-industrie.fr\/en\/wp-json\/wp\/v2\/media\/11490"}],"wp:attachment":[{"href":"https:\/\/www.sams-industrie.fr\/en\/wp-json\/wp\/v2\/media?parent=9855"}],"curies":[{"name":"wp","href":"https:\/\/api.w.org\/{rel}","templated":true}]}}