{"id":9851,"date":"2025-02-05T09:47:51","date_gmt":"2025-02-05T08:47:51","guid":{"rendered":"https:\/\/www.sams-industrie.fr\/product\/glissiere-de-baladage-reference\/"},"modified":"2025-02-19T11:50:30","modified_gmt":"2025-02-19T10:50:30","slug":"glissiere-de-baladage-reference","status":"publish","type":"product","link":"https:\/\/www.sams-industrie.fr\/en\/product\/glissiere-de-baladage-reference\/","title":{"rendered":"Slide rail<br> Reference BAF-2153-044"},"content":{"rendered":"","protected":false},"excerpt":{"rendered":"<p>RAPIDEX RAPIDBOX<br \/> R\u00e9f\u00e9rence constructeur : BAF-2153-044<br \/> R\u00e9f\u00e9rences \u00e9quivalentes : BAF2153044 \/ MBAF2153044 \/ RAPBAF2153044<\/p>","protected":false},"featured_media":0,"comment_status":"open","ping_status":"closed","template":"","meta":[],"_links":{"self":[{"href":"https:\/\/www.sams-industrie.fr\/en\/wp-json\/wp\/v2\/product\/9851"}],"collection":[{"href":"https:\/\/www.sams-industrie.fr\/en\/wp-json\/wp\/v2\/product"}],"about":[{"href":"https:\/\/www.sams-industrie.fr\/en\/wp-json\/wp\/v2\/types\/product"}],"replies":[{"embeddable":true,"href":"https:\/\/www.sams-industrie.fr\/en\/wp-json\/wp\/v2\/comments?post=9851"}],"wp:attachment":[{"href":"https:\/\/www.sams-industrie.fr\/en\/wp-json\/wp\/v2\/media?parent=9851"}],"curies":[{"name":"wp","href":"https:\/\/api.w.org\/{rel}","templated":true}]}}