{"id":9845,"date":"2025-02-05T09:47:47","date_gmt":"2025-02-05T08:47:47","guid":{"rendered":"https:\/\/www.sams-industrie.fr\/product\/refouleur-reference\/"},"modified":"2025-02-19T11:50:25","modified_gmt":"2025-02-19T10:50:25","slug":"refouleur-reference","status":"publish","type":"product","link":"https:\/\/www.sams-industrie.fr\/en\/product\/refouleur-reference\/","title":{"rendered":"Repressor<br> Reference BAF-2156-634"},"content":{"rendered":"","protected":false},"excerpt":{"rendered":"<p>RAPIDEX RAPIDBOX<br \/> R\u00e9f\u00e9rence constructeur : BAF-2156-634<br \/> R\u00e9f\u00e9rences \u00e9quivalentes : BAF2156634 \/ MBAF2156634 \/ RAPBAF2156634<\/p>","protected":false},"featured_media":0,"comment_status":"open","ping_status":"closed","template":"","meta":[],"_links":{"self":[{"href":"https:\/\/www.sams-industrie.fr\/en\/wp-json\/wp\/v2\/product\/9845"}],"collection":[{"href":"https:\/\/www.sams-industrie.fr\/en\/wp-json\/wp\/v2\/product"}],"about":[{"href":"https:\/\/www.sams-industrie.fr\/en\/wp-json\/wp\/v2\/types\/product"}],"replies":[{"embeddable":true,"href":"https:\/\/www.sams-industrie.fr\/en\/wp-json\/wp\/v2\/comments?post=9845"}],"wp:attachment":[{"href":"https:\/\/www.sams-industrie.fr\/en\/wp-json\/wp\/v2\/media?parent=9845"}],"curies":[{"name":"wp","href":"https:\/\/api.w.org\/{rel}","templated":true}]}}