{"id":9843,"date":"2025-02-05T09:47:46","date_gmt":"2025-02-05T08:47:46","guid":{"rendered":"https:\/\/www.sams-industrie.fr\/product\/excentrique-entraineur-central-reference\/"},"modified":"2025-02-19T11:50:24","modified_gmt":"2025-02-19T10:50:24","slug":"excentrique-entraineur-central-reference","status":"publish","type":"product","link":"https:\/\/www.sams-industrie.fr\/en\/product\/excentrique-entraineur-central-reference\/","title":{"rendered":"Excentrique entra\u00eeneur central<br> R\u00e9f\u00e9rence BAF-2011-002"},"content":{"rendered":"","protected":false},"excerpt":{"rendered":"<p>RAPIDEX RAPIDBOX<br \/> R\u00e9f\u00e9rence constructeur : BAF-2011-002<br \/> R\u00e9f\u00e9rences \u00e9quivalentes : BAF2011002 \/ MBAF2011002 \/ RAPBAF2011002<\/p>","protected":false},"featured_media":0,"comment_status":"open","ping_status":"closed","template":"","meta":[],"_links":{"self":[{"href":"https:\/\/www.sams-industrie.fr\/en\/wp-json\/wp\/v2\/product\/9843"}],"collection":[{"href":"https:\/\/www.sams-industrie.fr\/en\/wp-json\/wp\/v2\/product"}],"about":[{"href":"https:\/\/www.sams-industrie.fr\/en\/wp-json\/wp\/v2\/types\/product"}],"replies":[{"embeddable":true,"href":"https:\/\/www.sams-industrie.fr\/en\/wp-json\/wp\/v2\/comments?post=9843"}],"wp:attachment":[{"href":"https:\/\/www.sams-industrie.fr\/en\/wp-json\/wp\/v2\/media?parent=9843"}],"curies":[{"name":"wp","href":"https:\/\/api.w.org\/{rel}","templated":true}]}}