{"id":9842,"date":"2025-02-05T09:47:45","date_gmt":"2025-02-05T08:47:45","guid":{"rendered":"https:\/\/www.sams-industrie.fr\/product\/ejecteur-reference-21\/"},"modified":"2025-02-19T11:50:23","modified_gmt":"2025-02-19T10:50:23","slug":"ejecteur-reference-21","status":"publish","type":"product","link":"https:\/\/www.sams-industrie.fr\/en\/product\/ejecteur-reference-21\/","title":{"rendered":"Ejector<br> Reference BAF-2156-402"},"content":{"rendered":"","protected":false},"excerpt":{"rendered":"<p>RAPIDEX RAPIDBOX<br \/> R\u00e9f\u00e9rence constructeur : BAF-2156-402<br \/> R\u00e9f\u00e9rences \u00e9quivalentes : BAF2156402 \/ MBAF2156402 \/ RAPBAF2156402<\/p>","protected":false},"featured_media":0,"comment_status":"open","ping_status":"closed","template":"","meta":[],"_links":{"self":[{"href":"https:\/\/www.sams-industrie.fr\/en\/wp-json\/wp\/v2\/product\/9842"}],"collection":[{"href":"https:\/\/www.sams-industrie.fr\/en\/wp-json\/wp\/v2\/product"}],"about":[{"href":"https:\/\/www.sams-industrie.fr\/en\/wp-json\/wp\/v2\/types\/product"}],"replies":[{"embeddable":true,"href":"https:\/\/www.sams-industrie.fr\/en\/wp-json\/wp\/v2\/comments?post=9842"}],"wp:attachment":[{"href":"https:\/\/www.sams-industrie.fr\/en\/wp-json\/wp\/v2\/media?parent=9842"}],"curies":[{"name":"wp","href":"https:\/\/api.w.org\/{rel}","templated":true}]}}