{"id":9836,"date":"2025-02-05T09:47:42","date_gmt":"2025-02-05T08:47:42","guid":{"rendered":"https:\/\/www.sams-industrie.fr\/product\/filet-coupant-reference-14\/"},"modified":"2025-02-19T11:50:19","modified_gmt":"2025-02-19T10:50:19","slug":"filet-coupant-reference-14","status":"publish","type":"product","link":"https:\/\/www.sams-industrie.fr\/en\/product\/filet-coupant-reference-14\/","title":{"rendered":"Cutting net<br> Reference BAF-2156-400"},"content":{"rendered":"","protected":false},"excerpt":{"rendered":"<p>RAPIDEX RAPIDBOX<br \/> R\u00e9f\u00e9rence constructeur : BAF-2156-400<br \/> R\u00e9f\u00e9rences \u00e9quivalentes : BAF2156400 \/ MBAF2156400 \/ RAPBAF2156400<\/p>","protected":false},"featured_media":0,"comment_status":"open","ping_status":"closed","template":"","meta":[],"_links":{"self":[{"href":"https:\/\/www.sams-industrie.fr\/en\/wp-json\/wp\/v2\/product\/9836"}],"collection":[{"href":"https:\/\/www.sams-industrie.fr\/en\/wp-json\/wp\/v2\/product"}],"about":[{"href":"https:\/\/www.sams-industrie.fr\/en\/wp-json\/wp\/v2\/types\/product"}],"replies":[{"embeddable":true,"href":"https:\/\/www.sams-industrie.fr\/en\/wp-json\/wp\/v2\/comments?post=9836"}],"wp:attachment":[{"href":"https:\/\/www.sams-industrie.fr\/en\/wp-json\/wp\/v2\/media?parent=9836"}],"curies":[{"name":"wp","href":"https:\/\/api.w.org\/{rel}","templated":true}]}}