{"id":9832,"date":"2025-02-05T09:47:40","date_gmt":"2025-02-05T08:47:40","guid":{"rendered":"https:\/\/www.sams-industrie.fr\/product\/renfort-reference-29\/"},"modified":"2025-02-19T11:50:15","modified_gmt":"2025-02-19T10:50:15","slug":"renfort-reference-29","status":"publish","type":"product","link":"https:\/\/www.sams-industrie.fr\/en\/product\/renfort-reference-29\/","title":{"rendered":"Reinforcement<br> Reference BAF-2156-506"},"content":{"rendered":"","protected":false},"excerpt":{"rendered":"<p>RAPIDEX RAPIDBOX<br \/> R\u00e9f\u00e9rence constructeur : BAF-2156-506<br \/> R\u00e9f\u00e9rences \u00e9quivalentes : BAF2156506 \/ MBAF2156506 \/ RAPBAF2156506<\/p>","protected":false},"featured_media":0,"comment_status":"open","ping_status":"closed","template":"","meta":[],"_links":{"self":[{"href":"https:\/\/www.sams-industrie.fr\/en\/wp-json\/wp\/v2\/product\/9832"}],"collection":[{"href":"https:\/\/www.sams-industrie.fr\/en\/wp-json\/wp\/v2\/product"}],"about":[{"href":"https:\/\/www.sams-industrie.fr\/en\/wp-json\/wp\/v2\/types\/product"}],"replies":[{"embeddable":true,"href":"https:\/\/www.sams-industrie.fr\/en\/wp-json\/wp\/v2\/comments?post=9832"}],"wp:attachment":[{"href":"https:\/\/www.sams-industrie.fr\/en\/wp-json\/wp\/v2\/media?parent=9832"}],"curies":[{"name":"wp","href":"https:\/\/api.w.org\/{rel}","templated":true}]}}