{"id":9829,"date":"2025-02-05T09:47:38","date_gmt":"2025-02-05T08:47:38","guid":{"rendered":"https:\/\/www.sams-industrie.fr\/product\/ejecteur-reference-20\/"},"modified":"2025-02-19T11:50:12","modified_gmt":"2025-02-19T10:50:12","slug":"ejecteur-reference-20","status":"publish","type":"product","link":"https:\/\/www.sams-industrie.fr\/en\/product\/ejecteur-reference-20\/","title":{"rendered":"Ejector<br> Reference BAF-2156-503"},"content":{"rendered":"","protected":false},"excerpt":{"rendered":"<p>RAPIDEX RAPIDBOX<br \/> R\u00e9f\u00e9rence constructeur : BAF-2156-503<br \/> R\u00e9f\u00e9rences \u00e9quivalentes : BAF2156503 \/ MBAF2156503 \/ RAPBAF2156503<\/p>","protected":false},"featured_media":0,"comment_status":"open","ping_status":"closed","template":"","meta":[],"_links":{"self":[{"href":"https:\/\/www.sams-industrie.fr\/en\/wp-json\/wp\/v2\/product\/9829"}],"collection":[{"href":"https:\/\/www.sams-industrie.fr\/en\/wp-json\/wp\/v2\/product"}],"about":[{"href":"https:\/\/www.sams-industrie.fr\/en\/wp-json\/wp\/v2\/types\/product"}],"replies":[{"embeddable":true,"href":"https:\/\/www.sams-industrie.fr\/en\/wp-json\/wp\/v2\/comments?post=9829"}],"wp:attachment":[{"href":"https:\/\/www.sams-industrie.fr\/en\/wp-json\/wp\/v2\/media?parent=9829"}],"curies":[{"name":"wp","href":"https:\/\/api.w.org\/{rel}","templated":true}]}}