{"id":9826,"date":"2025-02-05T09:47:36","date_gmt":"2025-02-05T08:47:36","guid":{"rendered":"https:\/\/www.sams-industrie.fr\/product\/support-droit-filet-coupant-reference\/"},"modified":"2025-02-19T11:50:10","modified_gmt":"2025-02-19T10:50:10","slug":"support-droit-filet-coupant-reference","status":"publish","type":"product","link":"https:\/\/www.sams-industrie.fr\/en\/product\/support-droit-filet-coupant-reference\/","title":{"rendered":"Straight cutting thread support<br> Reference BAF-2156-500"},"content":{"rendered":"","protected":false},"excerpt":{"rendered":"<p>RAPIDEX RAPIDBOX<br \/> R\u00e9f\u00e9rence constructeur : BAF-2156-500<br \/> R\u00e9f\u00e9rences \u00e9quivalentes : BAF2156500 \/ MBAF2156500 \/ RAPBAF2156500<\/p>","protected":false},"featured_media":0,"comment_status":"open","ping_status":"closed","template":"","meta":[],"_links":{"self":[{"href":"https:\/\/www.sams-industrie.fr\/en\/wp-json\/wp\/v2\/product\/9826"}],"collection":[{"href":"https:\/\/www.sams-industrie.fr\/en\/wp-json\/wp\/v2\/product"}],"about":[{"href":"https:\/\/www.sams-industrie.fr\/en\/wp-json\/wp\/v2\/types\/product"}],"replies":[{"embeddable":true,"href":"https:\/\/www.sams-industrie.fr\/en\/wp-json\/wp\/v2\/comments?post=9826"}],"wp:attachment":[{"href":"https:\/\/www.sams-industrie.fr\/en\/wp-json\/wp\/v2\/media?parent=9826"}],"curies":[{"name":"wp","href":"https:\/\/api.w.org\/{rel}","templated":true}]}}