{"id":9825,"date":"2025-02-05T09:47:36","date_gmt":"2025-02-05T08:47:36","guid":{"rendered":"https:\/\/www.sams-industrie.fr\/product\/outil-coupant-monte-droit-reference-3\/"},"modified":"2025-02-19T11:50:10","modified_gmt":"2025-02-19T10:50:10","slug":"outil-coupant-monte-droit-reference-3","status":"publish","type":"product","link":"https:\/\/www.sams-industrie.fr\/en\/product\/outil-coupant-monte-droit-reference-3\/","title":{"rendered":"Straight mounted cutting tool<br> Reference BAF-2156-A500"},"content":{"rendered":"","protected":false},"excerpt":{"rendered":"<p>RAPIDEX RAPIDBOX<br \/> R\u00e9f\u00e9rence constructeur : BAF-2156-A500<br \/> R\u00e9f\u00e9rences \u00e9quivalentes : BAF2156A500 \/ BAF2156A500 \/ BAF2156A500<\/p>","protected":false},"featured_media":0,"comment_status":"open","ping_status":"closed","template":"","meta":[],"_links":{"self":[{"href":"https:\/\/www.sams-industrie.fr\/en\/wp-json\/wp\/v2\/product\/9825"}],"collection":[{"href":"https:\/\/www.sams-industrie.fr\/en\/wp-json\/wp\/v2\/product"}],"about":[{"href":"https:\/\/www.sams-industrie.fr\/en\/wp-json\/wp\/v2\/types\/product"}],"replies":[{"embeddable":true,"href":"https:\/\/www.sams-industrie.fr\/en\/wp-json\/wp\/v2\/comments?post=9825"}],"wp:attachment":[{"href":"https:\/\/www.sams-industrie.fr\/en\/wp-json\/wp\/v2\/media?parent=9825"}],"curies":[{"name":"wp","href":"https:\/\/api.w.org\/{rel}","templated":true}]}}