{"id":9823,"date":"2025-02-05T09:47:35","date_gmt":"2025-02-05T08:47:35","guid":{"rendered":"https:\/\/www.sams-industrie.fr\/product\/ejecteur-reference-19\/"},"modified":"2025-02-19T11:50:08","modified_gmt":"2025-02-19T10:50:08","slug":"ejecteur-reference-19","status":"publish","type":"product","link":"https:\/\/www.sams-industrie.fr\/en\/product\/ejecteur-reference-19\/","title":{"rendered":"Ejector<br> Reference BAF-2156-602"},"content":{"rendered":"","protected":false},"excerpt":{"rendered":"<p>RAPIDEX RAPIDBOX<br \/> R\u00e9f\u00e9rence constructeur : BAF-2156-602<br \/> R\u00e9f\u00e9rences \u00e9quivalentes : BAF2156602 \/ MBAF2156602 \/ RAPBAF2156602<\/p>","protected":false},"featured_media":0,"comment_status":"open","ping_status":"closed","template":"","meta":[],"_links":{"self":[{"href":"https:\/\/www.sams-industrie.fr\/en\/wp-json\/wp\/v2\/product\/9823"}],"collection":[{"href":"https:\/\/www.sams-industrie.fr\/en\/wp-json\/wp\/v2\/product"}],"about":[{"href":"https:\/\/www.sams-industrie.fr\/en\/wp-json\/wp\/v2\/types\/product"}],"replies":[{"embeddable":true,"href":"https:\/\/www.sams-industrie.fr\/en\/wp-json\/wp\/v2\/comments?post=9823"}],"wp:attachment":[{"href":"https:\/\/www.sams-industrie.fr\/en\/wp-json\/wp\/v2\/media?parent=9823"}],"curies":[{"name":"wp","href":"https:\/\/api.w.org\/{rel}","templated":true}]}}