{"id":9818,"date":"2025-02-05T09:47:30","date_gmt":"2025-02-05T08:47:30","guid":{"rendered":"https:\/\/www.sams-industrie.fr\/product\/outil-coupant-monte-gauche-reference\/"},"modified":"2025-02-19T11:50:05","modified_gmt":"2025-02-19T10:50:05","slug":"outil-coupant-monte-gauche-reference","status":"publish","type":"product","link":"https:\/\/www.sams-industrie.fr\/en\/product\/outil-coupant-monte-gauche-reference\/","title":{"rendered":"Left-mounted cutting tool<br> Reference BAF-2156-A504"},"content":{"rendered":"","protected":false},"excerpt":{"rendered":"<p>RAPIDEX RAPIDBOX<br \/> R\u00e9f\u00e9rence constructeur : BAF-2156-A504<br \/> R\u00e9f\u00e9rences \u00e9quivalentes : BAF2156A504 \/ MBAF2156A504 \/ RAPBAF2156A504<\/p>","protected":false},"featured_media":0,"comment_status":"open","ping_status":"closed","template":"","meta":[],"_links":{"self":[{"href":"https:\/\/www.sams-industrie.fr\/en\/wp-json\/wp\/v2\/product\/9818"}],"collection":[{"href":"https:\/\/www.sams-industrie.fr\/en\/wp-json\/wp\/v2\/product"}],"about":[{"href":"https:\/\/www.sams-industrie.fr\/en\/wp-json\/wp\/v2\/types\/product"}],"replies":[{"embeddable":true,"href":"https:\/\/www.sams-industrie.fr\/en\/wp-json\/wp\/v2\/comments?post=9818"}],"wp:attachment":[{"href":"https:\/\/www.sams-industrie.fr\/en\/wp-json\/wp\/v2\/media?parent=9818"}],"curies":[{"name":"wp","href":"https:\/\/api.w.org\/{rel}","templated":true}]}}