{"id":9804,"date":"2025-02-05T09:47:22","date_gmt":"2025-02-05T08:47:22","guid":{"rendered":"https:\/\/www.sams-industrie.fr\/product\/outil-refouleur-monte-reference-47\/"},"modified":"2025-02-19T11:49:53","modified_gmt":"2025-02-19T10:49:53","slug":"outil-refouleur-monte-reference-47","status":"publish","type":"product","link":"https:\/\/www.sams-industrie.fr\/en\/product\/outil-refouleur-monte-reference-47\/","title":{"rendered":"Mounted upsetting tool<br> Reference SBAF-2156-A301 B"},"content":{"rendered":"","protected":false},"excerpt":{"rendered":"<p>RAPIDEX RAPIDBOX<br \/> R\u00e9f\u00e9rence constructeur : SBAF-2156-A301 B<br \/> R\u00e9f\u00e9rences \u00e9quivalentes : SBAF2156A301B \/ SBAF2156A301B \/ SBAF2156A301B<\/p>","protected":false},"featured_media":0,"comment_status":"open","ping_status":"closed","template":"","meta":[],"_links":{"self":[{"href":"https:\/\/www.sams-industrie.fr\/en\/wp-json\/wp\/v2\/product\/9804"}],"collection":[{"href":"https:\/\/www.sams-industrie.fr\/en\/wp-json\/wp\/v2\/product"}],"about":[{"href":"https:\/\/www.sams-industrie.fr\/en\/wp-json\/wp\/v2\/types\/product"}],"replies":[{"embeddable":true,"href":"https:\/\/www.sams-industrie.fr\/en\/wp-json\/wp\/v2\/comments?post=9804"}],"wp:attachment":[{"href":"https:\/\/www.sams-industrie.fr\/en\/wp-json\/wp\/v2\/media?parent=9804"}],"curies":[{"name":"wp","href":"https:\/\/api.w.org\/{rel}","templated":true}]}}